{"id":1642,"date":"2025-01-15T11:51:52","date_gmt":"2025-01-15T11:51:52","guid":{"rendered":"https:\/\/parkasz.webempire.hu\/?page_id=1642"},"modified":"2025-01-15T11:58:51","modified_gmt":"2025-01-15T11:58:51","slug":"koszonooldal","status":"publish","type":"page","link":"https:\/\/kert.park-asz.hu\/index.php\/koszonooldal\/","title":{"rendered":"K\u00f6sz\u00f6n\u0151oldal"},"content":{"rendered":"<div class=\"wpb-content-wrapper\"><p>[vc_row full_width=&#8221;stretch_row_content_no_spaces&#8221; full_height=&#8221;yes&#8221; columns_placement=&#8221;stretch&#8221; css=&#8221;.vc_custom_1736942319527{margin-bottom: 0px !important;padding-top: 10px !important;background-color: #025940 !important;}&#8221;][vc_column background_position_desktop=&#8221;right bottom&#8221; css=&#8221;.vc_custom_1736941720572{padding-top: 0px !important;background-position: center !important;background-repeat: no-repeat !important;background-size: contain !important;}&#8221;]<div class=\"clearboth\"><\/div><style>#thegem-divider-6a0779c4e1953 {margin-top: 180px !important;}<\/style><div id=\"thegem-divider-6a0779c4e1953\" class=\"gem-divider  \" style=\"\" ><\/div><div class=\"clearboth\"><\/div><style>#thegem-divider-6a0779c4e197a {margin-top: 180px !important;}<\/style><div id=\"thegem-divider-6a0779c4e197a\" class=\"gem-divider  \" style=\"\" ><\/div><div class=\"thegem-te-heading thegem-custom-6a0779c4e26268208\" ><script type=\"text\/javascript\">(function() {function TheGemHeading() {this.animateClass = 'thegem-heading-animate';this.animatedClass = 'thegem-heading-animated';}TheGemHeading.prototype = {initialize: function () {let items =document.querySelectorAll('.'+this.animateClass);items.forEach((item)=>{if (this.isElementVisible(item)) {this.prepareAnimation(item);this.startAnimation(item);}});if ('IntersectionObserver' in window) {let intersectionObserver = new IntersectionObserver((entries)=>{entries.forEach((entry)=> {if (entry.isIntersecting) {this.startAnimation(entry.target);intersectionObserver.unobserve(entry.target);}});});items.forEach((item)=>{intersectionObserver.observe(item);this.prepareAnimation(item);});} else {items.forEach((item)=>{this.prepareAnimation(item);this.startAnimation(item);});}},isElementVisible: function (element) {let rect= element.getBoundingClientRect(),width= window.innerWidth || document.documentElement.clientWidth,height = window.innerHeight || document.documentElement.clientHeight,efp= (x, y) => document.elementFromPoint(x, y);if (rect.right < 0 || rect.bottom < 0 || rect.left > width || rect.top > height) return false;return (element.contains(efp(rect.left,rect.top)) ||element.contains(efp(rect.right, rect.top)) ||element.contains(efp(rect.right, rect.bottom)) ||element.contains(efp(rect.left,rect.bottom)));},startAnimation: function (element) {if (element && !element.classList.contains(this.animatedClass)) {element.classList.add(this.animatedClass);element.classList.remove(this.animateClass);element.dispatchEvent(new Event('theGemHeading.startAnimation', {bubbles: true}));}},prepareAnimation: function (element) {if (element && !element.isPreparedAnimation) {element.dispatchEvent(new Event('theGemHeading.prepareAnimation', {bubbles: true}));element.isPreparedAnimation = true;}}};window.theGemHeading = new TheGemHeading();document.addEventListener('DOMContentLoaded', function() {window.theGemHeading.initialize();});})();<\/script><div id=\"thegem-heading-6a0779c4e1a8c\" class=\"thegem-heading title-h1 words-slide-left thegem-heading-animate\" style=\"text-align: center;\" ><span class=\"thegem-heading-word-wrap\"><span class=\"colored thegem-heading-word\" style=\"color: #ffffff; animation-delay: 20ms\">K\u00f6sz\u00f6nj\u00fck,<\/span><\/span> <span class=\"thegem-heading-word-wrap\"><span class=\"colored thegem-heading-word\" style=\"color: #ffffff; animation-delay: 40ms\">hogy<\/span><\/span> <span class=\"thegem-heading-word-wrap\"><span class=\"colored thegem-heading-word\" style=\"color: #ffffff; animation-delay: 60ms\">felvette<\/span><\/span> <span class=\"thegem-heading-word-wrap\"><span class=\"colored thegem-heading-word\" style=\"color: #ffffff; animation-delay: 80ms\">vel\u00fcnk<\/span><\/span> <span class=\"thegem-heading-word-wrap\"><span class=\"colored thegem-heading-word\" style=\"color: #ffffff; animation-delay: 100ms\">a<\/span><\/span> <span class=\"thegem-heading-word-wrap\"><span class=\"colored thegem-heading-word\" style=\"color: #ffffff; animation-delay: 120ms\">kapcsolatot!<\/span><\/span><\/div><style type=\"text\/css\">#thegem-heading-6a0779c4e1a8c {margin: 0;}#thegem-heading-6a0779c4e1a8c {margin-left: auto; margin-right: auto;}#thegem-heading-6a0779c4e1a8c > * {justify-content: center;}#thegem-heading-6a0779c4e1a8c a:hover, #thegem-heading-6a0779c4e1a8c a:hover span.colored {color: var(--thegem-to-menu-level1-color-hover, #00BCD4) !important;}<\/style><\/div><style>@media screen and (max-width: 1023px) {.thegem-te-heading.thegem-custom-6a0779c4e26268208{display: block!important;}}@media screen and (max-width: 767px) {.thegem-te-heading.thegem-custom-6a0779c4e26268208{display: block!important;}}@media screen and (max-width: 1023px) {.thegem-te-heading.thegem-custom-6a0779c4e26268208{position: relative !important;}}@media screen and (max-width: 767px) {.thegem-te-heading.thegem-custom-6a0779c4e26268208{position: relative !important;}}<\/style><div class=\"clearboth\"><\/div><style>#thegem-divider-6a0779c4e2676 {margin-top: 40px !important;}<\/style><div id=\"thegem-divider-6a0779c4e2676\" class=\"gem-divider  \" style=\"\" ><\/div><div class=\"thegem-te-heading thegem-custom-6a0779c4e27879391\" ><div id=\"thegem-heading-6a0779c4e2717\" class=\"thegem-heading styled-subtitle vc_custom_1736941837880 words-slide-left thegem-heading-animate\" style=\"text-align: center;\" ><span class=\"thegem-heading-word-wrap\"><span class=\"colored thegem-heading-word\" style=\"color: #ffffff; animation-delay: 420ms\">Hamarosan<\/span><\/span> <span class=\"thegem-heading-word-wrap\"><span class=\"colored thegem-heading-word\" style=\"color: #ffffff; animation-delay: 440ms\">keresni<\/span><\/span> <span class=\"thegem-heading-word-wrap\"><span class=\"colored thegem-heading-word\" style=\"color: #ffffff; animation-delay: 460ms\">fogjuk<\/span><\/span> <span class=\"thegem-heading-word-wrap\"><span class=\"colored thegem-heading-word\" style=\"color: #ffffff; animation-delay: 480ms\">a<\/span><\/span> <span class=\"thegem-heading-word-wrap\"><span class=\"colored thegem-heading-word\" style=\"color: #ffffff; animation-delay: 500ms\">megadott<\/span><\/span> <span class=\"thegem-heading-word-wrap\"><span class=\"colored thegem-heading-word\" style=\"color: #ffffff; animation-delay: 520ms\">el\u00e9rhet\u0151s\u00e9geken,<\/span><\/span> <span class=\"thegem-heading-word-wrap\"><span class=\"colored thegem-heading-word\" style=\"color: #ffffff; animation-delay: 540ms\">hogy<\/span><\/span> <span class=\"thegem-heading-word-wrap\"><span class=\"colored thegem-heading-word\" style=\"color: #ffffff; animation-delay: 560ms\">egyeztess\u00fck<\/span><\/span> <span class=\"thegem-heading-word-wrap\"><span class=\"colored thegem-heading-word\" style=\"color: #ffffff; animation-delay: 580ms\">a<\/span><\/span> <span class=\"thegem-heading-word-wrap\"><span class=\"colored thegem-heading-word\" style=\"color: #ffffff; animation-delay: 600ms\">r\u00e9szleteket!<\/span><\/span><\/div><style type=\"text\/css\">#thegem-heading-6a0779c4e2717 {margin: 0;}#thegem-heading-6a0779c4e2717 {margin-left: auto; margin-right: auto;}#thegem-heading-6a0779c4e2717 > * {justify-content: center;}#thegem-heading-6a0779c4e2717 {max-width: 580px;}#thegem-heading-6a0779c4e2717 a:hover, #thegem-heading-6a0779c4e2717 a:hover span.colored {color: var(--thegem-to-menu-level1-color-hover, #00BCD4) !important;}<\/style><\/div><style>@media screen and (max-width: 1023px) {.thegem-te-heading.thegem-custom-6a0779c4e27879391{display: block!important;}}@media screen and (max-width: 767px) {.thegem-te-heading.thegem-custom-6a0779c4e27879391{display: block!important;}}@media screen and (max-width: 1023px) {.thegem-te-heading.thegem-custom-6a0779c4e27879391{position: relative !important;}}@media screen and (max-width: 767px) {.thegem-te-heading.thegem-custom-6a0779c4e27879391{position: relative !important;}}<\/style><div class=\"clearboth\"><\/div><style>#thegem-divider-6a0779c4e27ad {margin-top: 180px !important;}<\/style><div id=\"thegem-divider-6a0779c4e27ad\" class=\"gem-divider  \" style=\"\" ><\/div><div class=\"clearboth\"><\/div><style>#thegem-divider-6a0779c4e27ba {margin-top: 180px !important;}<\/style><div id=\"thegem-divider-6a0779c4e27ba\" class=\"gem-divider  \" style=\"\" ><\/div>[\/vc_column][\/vc_row]<\/p>\n<\/div>","protected":false},"excerpt":{"rendered":"<p>[vc_row full_width=&#8221;stretch_row_content_no_spaces&#8221; full_height=&#8221;yes&#8221; columns_placement=&#8221;stretch&#8221; css=&#8221;.vc_custom_1736942319527{margin-bottom: 0px !important;padding-top: 10px !important;background-color: #025940 !important;}&#8221;][vc_column background_position_desktop=&#8221;right bottom&#8221; css=&#8221;.vc_custom_1736941720572{padding-top: 0px !important;background-position: center !important;background-repeat: no-repeat !important;background-size:&#8230;<\/p>\n","protected":false},"author":1,"featured_media":0,"parent":0,"menu_order":0,"comment_status":"closed","ping_status":"open","template":"","meta":{"footnotes":""},"class_list":["post-1642","page","type-page","status-publish"],"_links":{"self":[{"href":"https:\/\/kert.park-asz.hu\/index.php\/wp-json\/wp\/v2\/pages\/1642","targetHints":{"allow":["GET"]}}],"collection":[{"href":"https:\/\/kert.park-asz.hu\/index.php\/wp-json\/wp\/v2\/pages"}],"about":[{"href":"https:\/\/kert.park-asz.hu\/index.php\/wp-json\/wp\/v2\/types\/page"}],"author":[{"embeddable":true,"href":"https:\/\/kert.park-asz.hu\/index.php\/wp-json\/wp\/v2\/users\/1"}],"replies":[{"embeddable":true,"href":"https:\/\/kert.park-asz.hu\/index.php\/wp-json\/wp\/v2\/comments?post=1642"}],"version-history":[{"count":10,"href":"https:\/\/kert.park-asz.hu\/index.php\/wp-json\/wp\/v2\/pages\/1642\/revisions"}],"predecessor-version":[{"id":1652,"href":"https:\/\/kert.park-asz.hu\/index.php\/wp-json\/wp\/v2\/pages\/1642\/revisions\/1652"}],"wp:attachment":[{"href":"https:\/\/kert.park-asz.hu\/index.php\/wp-json\/wp\/v2\/media?parent=1642"}],"curies":[{"name":"wp","href":"https:\/\/api.w.org\/{rel}","templated":true}]}}